{"id":3124,"date":"2025-12-25T15:25:44","date_gmt":"2025-12-25T12:25:44","guid":{"rendered":"https:\/\/www.letoon.com.tr\/eng\/?page_id=3124"},"modified":"2025-12-25T17:27:50","modified_gmt":"2025-12-25T14:27:50","slug":"products","status":"publish","type":"page","link":"https:\/\/www.letoon.com.tr\/eng\/products\/","title":{"rendered":"Products"},"content":{"rendered":"\n<style>\n  \/* --- ANA KAPLAYICI --- *\/\n  .letoon-menu-wrapper {\n    font-family: 'Segoe UI', 'Helvetica Neue', Arial, sans-serif;\n    max-width: 1200px;\n    margin: 0 auto;\n    padding: 40px 20px;\n    background: #fdfdfd;\n  }\n\n  .letoon-menu-grid {\n    display: grid;\n    grid-template-columns: repeat(auto-fit, minmax(280px, 1fr));\n    gap: 30px; \/* S\u00fctunlar aras\u0131 bo\u015fluk *\/\n  }\n\n  \/* --- L\u0130NK KAPLAYICISI (G\u00f6rsel + Kart) --- *\/\n  .letoon-item-wrapper {\n    text-decoration: none;\n    display: flex;\n    flex-direction: column;\n    height: 100%;\n    \/* Kart\u0131n kendisinde arkaplan veya g\u00f6lge YOK. Par\u00e7alar ayr\u0131 duracak. *\/\n  }\n\n  \/* --- 1. AYRIK G\u00d6RSEL ALANI --- *\/\n  .letoon-separate-img {\n    width: 100%;\n    height: 200px;\n    border-radius: 12px; \/* G\u00f6rsel k\u00f6\u015feleri yuvarlak *\/\n    overflow: hidden;\n    box-shadow: 0 5px 15px rgba(0,0,0,0.08); \/* G\u00f6rsele hafif g\u00f6lge *\/\n    margin-bottom: 20px; \/* G\u00f6rsel ile Metin Kart\u0131 aras\u0131ndaki BO\u015eLUK *\/\n    transition: transform 0.4s ease, box-shadow 0.4s ease;\n    background: #fff;\n    position: relative;\n    z-index: 1;\n  }\n\n  .letoon-separate-img img {\n    width: 100%;\n    height: 100%;\n    object-fit: contain; \/* \u00dcr\u00fcn logolar\u0131\/g\u00f6rselleri kesilmesin diye 'contain' veya 'cover' *\/\n    object-position: center;\n    transition: transform 0.6s ease;\n  }\n\n  \/* --- 2. AYRIK \u0130\u00c7ER\u0130K KARTI --- *\/\n  .letoon-content-card {\n    background: #fff;\n    border-radius: 12px;\n    padding: 25px;\n    box-shadow: 0 5px 15px rgba(0,0,0,0.05);\n    border-top: 5px solid #15296B; \/* Lacivert \u015eerit *\/\n    display: flex;\n    flex-direction: column;\n    flex-grow: 1; \/* Y\u00fckseklikleri e\u015fitlemek i\u00e7in *\/\n    transition: transform 0.4s ease, box-shadow 0.4s ease, border-color 0.3s ease;\n    position: relative;\n    z-index: 2;\n  }\n\n  \/* --- HOVER EFEKTLER\u0130 --- *\/\n  \n  \/* Linkin \u00fczerine gelince G\u00f6rsel yukar\u0131 kalkar *\/\n  .letoon-item-wrapper:hover .letoon-separate-img {\n    transform: translateY(-8px);\n    box-shadow: 0 15px 30px rgba(0,0,0,0.15);\n  }\n  \n  \/* Linkin \u00fczerine gelince G\u00f6rsel i\u00e7indeki resim zoom yapar *\/\n  .letoon-item-wrapper:hover .letoon-separate-img img {\n    transform: scale(1.08);\n  }\n\n  \/* Linkin \u00fczerine gelince Metin Kart\u0131 da hafif\u00e7e hareket eder *\/\n  .letoon-item-wrapper:hover .letoon-content-card {\n    transform: translateY(-4px); \/* G\u00f6rselden biraz daha az hareket ederek derinlik katar *\/\n    box-shadow: 0 15px 30px rgba(21, 41, 107, 0.1);\n    border-top-color: #D20422; \/* \u015eerit K\u0131rm\u0131z\u0131 olur *\/\n  }\n\n  \/* --- MET\u0130N ST\u0130LLER\u0130 --- *\/\n  .letoon-menu-title {\n    font-size: 1.15rem;\n    font-weight: 700;\n    color: #15296B;\n    margin-bottom: 15px;\n    line-height: 1.4;\n    transition: color 0.3s ease;\n  }\n\n  .letoon-item-wrapper:hover .letoon-menu-title {\n    color: #D20422;\n  }\n\n  .letoon-menu-desc {\n    font-size: 0.95rem;\n    color: #555;\n    line-height: 1.6;\n    margin-bottom: 25px;\n    flex-grow: 1;\n  }\n\n  .letoon-menu-action {\n    display: inline-flex;\n    align-items: center;\n    font-size: 0.9rem;\n    font-weight: 700;\n    color: #15296B;\n    text-transform: uppercase;\n    letter-spacing: 1px;\n    transition: all 0.3s ease;\n    margin-top: auto;\n  }\n\n  .letoon-menu-action span {\n    margin-left: 8px;\n    font-size: 1.2rem;\n    transition: margin-left 0.3s ease;\n  }\n\n  .letoon-item-wrapper:hover .letoon-menu-action {\n    color: #D20422;\n  }\n\n  .letoon-item-wrapper:hover .letoon-menu-action span {\n    margin-left: 15px;\n  }\n\n  .letoon-nav-header {\n    font-size: 1.8rem;\n    font-weight: 700;\n    color: #222;\n    margin-bottom: 40px;\n    border-left: 6px solid #D20422;\n    padding-left: 15px;\n  }\n<\/style>\n\n<div class=\"letoon-menu-wrapper\">\n\n  <h3 class=\"letoon-nav-header\">Our Product Range &#038; Technologies<\/h3>\n\n  <div class=\"letoon-menu-grid\">\n\n    <!-- PRODUCT 1: KEIM -->\n    <a href=\"https:\/\/www.letoon.com.tr\/eng\/keim\/\" class=\"letoon-item-wrapper\" target=\"_blank\">\n      <!-- 1. AYRIK G\u00d6RSEL -->\n      <div class=\"letoon-separate-img\">\n        <img decoding=\"async\" src=\"https:\/\/www.letoon.com.tr\/wp-content\/uploads\/86.4-3.png\" alt=\"KEIM Mineral Paints\">\n      <\/div>\n      <!-- 2. AYRIK \u0130\u00c7ER\u0130K KARTI -->\n      <div class=\"letoon-content-card\">\n        <div class=\"letoon-menu-title\">KEIM Mineral Based Potassium Silicate Paints<\/div>\n        <div class=\"letoon-menu-desc\">\n          The world leader in silicate paints offering extreme durability, UV resistance, and breathability through chemical bonding (silicification).\n        <\/div>\n        <div class=\"letoon-menu-action\">\n          View Products <span>&rarr;<\/span>\n        <\/div>\n      <\/div>\n    <\/a>\n\n    <!-- PRODUCT 2: ECOTERA -->\n    <a href=\"https:\/\/www.letoon.com.tr\/eng\/ecotera\/\" class=\"letoon-item-wrapper\" target=\"_blank\">\n      <div class=\"letoon-separate-img\">\n        <img decoding=\"async\" src=\"https:\/\/www.letoon.com.tr\/wp-content\/uploads\/86.4-2.png\" alt=\"Ecotera Ecological Systems\">\n      <\/div>\n      <div class=\"letoon-content-card\">\n        <div class=\"letoon-menu-title\">Ecotera Ecological Surface Protection Systems<\/div>\n        <div class=\"letoon-menu-desc\">\n          Our exclusive brand providing sustainable, high-performance, and eco-friendly coating solutions for modern construction.\n        <\/div>\n        <div class=\"letoon-menu-action\">\n          Explore Brand <span>&rarr;<\/span>\n        <\/div>\n      <\/div>\n    <\/a>\n\n    <!-- PRODUCT 3: EVONIK -->\n    <a href=\"https:\/\/www.letoon.com.tr\/eng\/evonik\/\" class=\"letoon-item-wrapper\" target=\"_blank\">\n      <div class=\"letoon-separate-img\">\n        <img decoding=\"async\" src=\"https:\/\/www.letoon.com.tr\/wp-content\/uploads\/2-2.png\" alt=\"Evonik Building Protection\">\n      <\/div>\n      <div class=\"letoon-content-card\">\n        <div class=\"letoon-menu-title\">Evonik Silane Based Building Protection Technologies<\/div>\n        <div class=\"letoon-menu-desc\">\n          Advanced silane chemistry for deep penetrating water repellency and corrosion inhibition, extending the lifecycle of structures.\n        <\/div>\n        <div class=\"letoon-menu-action\">\n          Learn More <span>&rarr;<\/span>\n        <\/div>\n      <\/div>\n    <\/a>\n\n    <!-- PRODUCT 4: IBIX -->\n    <a href=\"https:\/\/www.letoon.com.tr\/eng\/ibix\/\" class=\"letoon-item-wrapper\" target=\"_blank\">\n      <div class=\"letoon-separate-img\">\n        <img decoding=\"async\" src=\"https:\/\/www.letoon.com.tr\/wp-content\/uploads\/86.4-4.png\" alt=\"IBIX Micro Sandblasting\">\n      <\/div>\n      <div class=\"letoon-content-card\">\n        <div class=\"letoon-menu-title\">IBIX Micro Sandblasting Systems<\/div>\n        <div class=\"letoon-menu-desc\">\n          Portable and precise surface cleaning technology utilizing low-pressure micro-abrasion for delicate historical restoration.\n        <\/div>\n        <div class=\"letoon-menu-action\">\n          See Systems <span>&rarr;<\/span>\n        <\/div>\n      <\/div>\n    <\/a>\n\n  <\/div>\n<\/div>\n","protected":false},"excerpt":{"rendered":"<p>Our Product Range &#038; Technologies KEIM Mineral Based Potassium Silicate Paints The world leader in silicate paints offering extreme durability,<\/p>\n","protected":false},"author":6,"featured_media":0,"parent":0,"menu_order":0,"comment_status":"closed","ping_status":"closed","template":"","meta":{"footnotes":""},"class_list":["post-3124","page","type-page","status-publish","hentry"],"_links":{"self":[{"href":"https:\/\/www.letoon.com.tr\/eng\/wp-json\/wp\/v2\/pages\/3124","targetHints":{"allow":["GET"]}}],"collection":[{"href":"https:\/\/www.letoon.com.tr\/eng\/wp-json\/wp\/v2\/pages"}],"about":[{"href":"https:\/\/www.letoon.com.tr\/eng\/wp-json\/wp\/v2\/types\/page"}],"author":[{"embeddable":true,"href":"https:\/\/www.letoon.com.tr\/eng\/wp-json\/wp\/v2\/users\/6"}],"replies":[{"embeddable":true,"href":"https:\/\/www.letoon.com.tr\/eng\/wp-json\/wp\/v2\/comments?post=3124"}],"version-history":[{"count":0,"href":"https:\/\/www.letoon.com.tr\/eng\/wp-json\/wp\/v2\/pages\/3124\/revisions"}],"wp:attachment":[{"href":"https:\/\/www.letoon.com.tr\/eng\/wp-json\/wp\/v2\/media?parent=3124"}],"curies":[{"name":"wp","href":"https:\/\/api.w.org\/{rel}","templated":true}]}}