{"id":2933,"date":"2019-06-11T15:51:35","date_gmt":"2019-06-11T12:51:35","guid":{"rendered":"https:\/\/www.letoon.com.tr\/eng\/?page_id=2933"},"modified":"2025-12-26T10:10:10","modified_gmt":"2025-12-26T07:10:10","slug":"ibix-problaster-9","status":"publish","type":"page","link":"https:\/\/www.letoon.com.tr\/eng\/ibix\/machines\/ibix-problaster-9\/","title":{"rendered":"IBIX PROBLASTER 9"},"content":{"rendered":"\n<style>\n  \/* Standart Tasar\u0131m CSS *\/\n  .system-box {\n    background: rgba(255, 255, 255, 0.9);\n    padding: 25px;\n    margin: 20px 0;\n    border-radius: 15px;\n    box-shadow: 0 6px 18px rgba(0,0,0,0.15);\n    backdrop-filter: blur(5px);\n    border: 1px solid rgba(200, 200, 200, 0.3);\n    transition: transform 0.3s ease, box-shadow 0.3s ease;\n    font-family: 'Arial', sans-serif;\n    color: #2c3e50;\n    overflow: hidden;\n  }\n\n  .system-box:hover {\n    transform: translateY(-5px);\n    box-shadow: 0 12px 25px rgba(0,0,0,0.25);\n  }\n\n  .system-box h2 {\n    color: #2a356c;\n    margin-bottom: 20px;\n    font-size: 28px;\n    text-align: center;\n  }\n\n  .system-box h3 {\n    color: #cf2332;\n    font-size: 22px;\n    margin-top: 20px;\n    margin-bottom: 15px;\n  }\n\n  .system-box p {\n    font-size: 16px;\n    line-height: 1.7;\n    text-align: justify;\n    margin-bottom: 15px;\n  }\n\n  .system-box ul {\n    font-size: 16px;\n    text-align: justify;\n    margin-left: 25px;\n    margin-bottom: 20px;\n  }\n\n  .system-box ul li {\n    margin-bottom: 10px;\n  }\n\n  .system-box img {\n    float: right;\n    margin: 0 0 15px 15px;\n    width: 150px; \/* Standart boyut *\/\n    height: auto;\n    border-radius: 10px;\n    box-shadow: 0 4px 12px rgba(0,0,0,0.1);\n    transition: transform 0.3s ease, box-shadow 0.3s ease;\n  }\n\n  .system-box img:hover {\n    transform: scale(1.05);\n    box-shadow: 0 8px 18px rgba(0,0,0,0.2);\n  }\n\n  .system-box a {\n    color: #2a356c;\n    font-weight: bold;\n    text-decoration: none;\n    transition: color 0.3s ease;\n  }\n\n  .system-box a:hover {\n    color: #cf2332;\n    text-decoration: underline;\n  }\n\n  @media screen and (max-width: 768px) {\n    .system-box img {\n      float: none;\n      display: block;\n      margin: 15px auto;\n    }\n  }\n<\/style>\n\n<div class=\"system-box\">\n  <h2>IBIX PROBLASTER 9<\/h2>\n\n  <a href=\"https:\/\/www.letoon.com.tr\/eng\/wp-content\/uploads\/sites\/2\/2019\/06\/PROBLASTER-TEKN\u0130K-\u00d6ZELL\u0130KLER-258x300.jpg\">\n    <img decoding=\"async\" src=\"https:\/\/www.letoon.com.tr\/eng\/wp-content\/uploads\/sites\/2\/2019\/06\/PROBLASTER-TEKN\u0130K-\u00d6ZELL\u0130KLER-258x300.jpg\" alt=\"IBIX PROBLASTER 9\">\n  <\/a>\n\n  <p><strong style=\"color:#cf2332;\">Product Overview<\/strong> \u2013 The IBIX PROBLASTER 9 is designed for professional surface cleaning, offering precise control over pressure and media consumption. Its robust design allows for versatile usage across various industrial and restoration applications.<\/p>\n\n  <h3>Technical Specifications<\/h3>\n  <ul>\n    <li><strong>Adjustable Working Pressure<\/strong>: Between 0.2 and 7 bars. Totally adjustable rate of consumables.<\/li>\n    <li><strong>Granule Compatibility<\/strong>: Can use granule sizes from 38 microns to 800 microns.<\/li>\n    <li><strong>Compressed Air Supply<\/strong>: Minimum requirement 500 lt\/min.<\/li>\n    <li><strong>Standard Nozzles<\/strong>: Inner diameter 3 mm.<\/li>\n    <li><strong>Suitable Nozzles<\/strong>: 1.5\u20132\u20132.5\u20133.5\u20134\u20134.5 mm cylindrical, 2.5\u20134 mm venturi.<\/li>\n    <li><strong>Hose Length<\/strong>: 6 m (spraying hose with protective sheath).<\/li>\n    <li><strong>Tank Capacity<\/strong>: 9 lt.<\/li>\n    <li><strong>Max. Height<\/strong>: 870 mm.<\/li>\n    <li><strong>Max. Width<\/strong>: 310 mm.<\/li>\n    <li><strong>Weight (Empty Tank)<\/strong>: Approximately 18 kg.<\/li>\n  <\/ul>\n<\/div>\n","protected":false},"excerpt":{"rendered":"<p>IBIX PROBLASTER 9 Product Overview \u2013 The IBIX PROBLASTER 9 is designed for professional surface cleaning, offering precise control over<\/p>\n","protected":false},"author":5,"featured_media":0,"parent":148,"menu_order":0,"comment_status":"closed","ping_status":"closed","template":"","meta":{"footnotes":""},"class_list":["post-2933","page","type-page","status-publish","hentry"],"_links":{"self":[{"href":"https:\/\/www.letoon.com.tr\/eng\/wp-json\/wp\/v2\/pages\/2933","targetHints":{"allow":["GET"]}}],"collection":[{"href":"https:\/\/www.letoon.com.tr\/eng\/wp-json\/wp\/v2\/pages"}],"about":[{"href":"https:\/\/www.letoon.com.tr\/eng\/wp-json\/wp\/v2\/types\/page"}],"author":[{"embeddable":true,"href":"https:\/\/www.letoon.com.tr\/eng\/wp-json\/wp\/v2\/users\/5"}],"replies":[{"embeddable":true,"href":"https:\/\/www.letoon.com.tr\/eng\/wp-json\/wp\/v2\/comments?post=2933"}],"version-history":[{"count":0,"href":"https:\/\/www.letoon.com.tr\/eng\/wp-json\/wp\/v2\/pages\/2933\/revisions"}],"up":[{"embeddable":true,"href":"https:\/\/www.letoon.com.tr\/eng\/wp-json\/wp\/v2\/pages\/148"}],"wp:attachment":[{"href":"https:\/\/www.letoon.com.tr\/eng\/wp-json\/wp\/v2\/media?parent=2933"}],"curies":[{"name":"wp","href":"https:\/\/api.w.org\/{rel}","templated":true}]}}