{"id":1607,"date":"2012-05-23T03:17:17","date_gmt":"2012-05-23T11:17:17","guid":{"rendered":"http:\/\/www.letoon.com.tr\/?page_id=1607"},"modified":"2025-12-26T09:17:15","modified_gmt":"2025-12-26T06:17:15","slug":"ibix-references","status":"publish","type":"page","link":"https:\/\/www.letoon.com.tr\/eng\/ibix\/ibix-references\/","title":{"rendered":"IBIX References"},"content":{"rendered":"\n<style>\n  \/* --- GENEL KONTEYNER --- *\/\n  .restoration-wrapper {\n    max-width: 1200px;\n    margin: 40px auto;\n    font-family: 'Segoe UI', 'Helvetica Neue', Arial, sans-serif;\n    padding: 0 15px;\n  }\n\n  \/* --- ANA BA\u015eLIK ST\u0130L\u0130 --- *\/\n  .restoration-main-title {\n    text-align: center;\n    color: #15296B; \/* Lacivert *\/\n    margin-bottom: 40px;\n    font-size: 1.8rem;\n    font-weight: 700;\n    text-transform: uppercase;\n    letter-spacing: 1px;\n    position: relative;\n  }\n\n  .restoration-main-title::after {\n    content: '';\n    display: block;\n    width: 80px;\n    height: 4px;\n    background: #cf2332; \/* K\u0131rm\u0131z\u0131 *\/\n    margin: 15px auto 0;\n    border-radius: 2px;\n  }\n\n  \/* --- KUTU ST\u0130L\u0130 (Sizin verdi\u011finiz kod) --- *\/\n  .restoration-box {\n    background: rgba(255, 255, 255, 0.95); \/* Okunurluk i\u00e7in opakl\u0131\u011f\u0131 biraz art\u0131rd\u0131m *\/\n    padding: 25px;\n    margin: 20px 0;\n    border-radius: 12px;\n    box-shadow: 0 4px 10px rgba(0,0,0,0.08);\n    backdrop-filter: blur(4px);\n    border: 1px solid rgba(200, 200, 200, 0.4);\n    transition: transform 0.3s ease, box-shadow 0.3s ease, border-color 0.3s ease;\n  }\n\n  .restoration-box:hover {\n    transform: translateY(-5px);\n    box-shadow: 0 12px 25px rgba(21, 41, 107, 0.15); \/* Hover'da hafif lacivert g\u00f6lge *\/\n    border-color: #15296B; \/* Hover'da kenarl\u0131k rengi de\u011fi\u015fimi *\/\n  }\n\n  \/* Kutu i\u00e7i Ba\u015fl\u0131k *\/\n  .restoration-box strong:first-child {\n    display: block;\n    font-size: 1.15em;\n    margin-bottom: 10px;\n    color: #15296B; \/* Ba\u015fl\u0131klar\u0131 kurumsal laciverte \u00e7ektim *\/\n    font-weight: 700;\n  }\n\n  \/* Kutu i\u00e7i Metin *\/\n  .restoration-box p {\n    margin: 0;\n    color: #555;\n    line-height: 1.6;\n    font-size: 0.95rem;\n  }\n<\/style>\n\n<div class=\"restoration-wrapper\">\n\n  <h2 class=\"restoration-main-title\">Appl\u0131cat\u0131on References \u0131n Restorat\u0131on Industry<\/h2>\n\n  <div class=\"restoration-box\">\n    <strong>\u0130stanbul, Italian Consulate General<\/strong>\n    <p>Cleaning of 17th-century sculptures. The paint and dirt layers on the surfaces were cleaned using the IBIX Micro Sandblasting System without damaging the patina of the material.<\/p>\n  <\/div>\n\n  <div class=\"restoration-box\">\n    <strong>\u0130stanbul, Dolmabah\u00e7e Palace Clock Tower Restoration<\/strong>\n    <p>The project was carried out by the Italian AssoRestauro Association in collaboration with IBIX. Our company served as the representative for mechanical surface cleaning within the scope of the Dolmabah\u00e7e Palace Clock Tower restoration, in cooperation with the National Palaces (Milli Saraylar).<\/p>\n  <\/div>\n\n  <div class=\"restoration-box\">\n    <strong>\u0130stanbul, Pera Palas Hotel Restoration \/ Kalkavan Group<\/strong>\n    <p>Within the scope of the restoration of Pera Palas Hotel, the cleaning and repair works of the marble surfaces on the exterior were carried out by our company.<\/p>\n  <\/div>\n\n  <div class=\"restoration-box\">\n    <strong>\u0130stanbul, \u00c7emberlita\u015f Column Restoration<\/strong>\n    <p>Within the scope of the restoration of the \u00c7emberlita\u015f Column, the general surface cleaning of the entire capital, base, and shaft was performed by our company using IBIX Micro Blasting Systems.<\/p>\n  <\/div>\n\n  <div class=\"restoration-box\">\n    <strong>\u0130stanbul, Harbiye Military Museum<\/strong>\n    <p>Surface cleaning, repair, and protection works were performed on the Ottoman Coat of Arms belonging to the Abd\u00fclhamit II Period.<\/p>\n  <\/div>\n\n  <div class=\"restoration-box\">\n    <strong>\u0130stanbul, Meymenet Han Restoration \/ Ko\u00e7 Foundation<\/strong>\n    <p>Within the scope of the restoration of Meymenet Han, owned by the Ko\u00e7 Foundation on \u0130stiklal Street, the surface cleaning and repair works of the front facade were carried out by our company.<\/p>\n  <\/div>\n\n  <div class=\"restoration-box\">\n    <strong>\u0130stanbul, Anadolu Han Restoration \/ Orjin Group<\/strong>\n    <p>As part of the restoration of Anadolu Han on Istiklal Street (owned by the Orjin Group), the surface cleaning, repair, and protection works of the front and rear facades were carried out by our company.<\/p>\n  <\/div>\n\n  <div class=\"restoration-box\">\n    <strong>\u0130stanbul, Union France Building Restoration \/ Orjin Group<\/strong>\n    <p>The surface cleaning, repair, and protection works of the front facade of the Union France Building, located opposite the Beyo\u011flu Teachers&#8217; House and owned by the Orjin Group, were carried out by our company.<\/p>\n  <\/div>\n\n  <div class=\"restoration-box\">\n    <strong>\u0130stanbul, B\u00fcy\u00fckdere Greek Primary School \/ Ko\u00e7 Foundation<\/strong>\n    <p>The surface cleaning, repair, and protection of the school&#8217;s facade in Sar\u0131yer B\u00fcy\u00fckdere were completed by our company.<\/p>\n  <\/div>\n\n  <div class=\"restoration-box\">\n    <strong>\u0130stanbul, Tophane K\u0131l\u0131\u00e7 Ali Pa\u015fa Mosque Restoration<\/strong>\n    <p>Within the scope of the restoration of the K\u0131l\u0131\u00e7 Ali Pasha Mosque (a Mimar Sinan masterpiece in Tophane), IBIX Micro Sandblasting Systems were used for cleaning limestone, marble, wood, and metal surfaces. Our company provided consultancy services for these operations.<\/p>\n  <\/div>\n\n  <div class=\"restoration-box\">\n    <strong>Kocaeli \u2013 G\u00f6lc\u00fck, Kaz\u0131kl\u0131 Caravanserai Restoration<\/strong>\n    <p>Within the scope of the restoration of the 16th-century Kaz\u0131kl\u0131 Caravanserai, surface cleaning, drying of plant roots\/algae, and surface protection works were performed by our company. This restoration work received the &#8220;2010 National Architecture Building Conservation and Survival Award.&#8221;<\/p>\n  <\/div>\n\n  <div class=\"restoration-box\">\n    <strong>Antalya, Alanya Castle Shipyard Restoration<\/strong>\n    <p>Within the scope of the Alanya Castle Shipyard Restoration (built during the 13th-century reign of Seljuk Sultan Alaaddin Keykubat), our company provided consultancy services for surface cleaning works using IBIX Micro Blasting Systems.<\/p>\n  <\/div>\n\n  <div class=\"restoration-box\">\n    <strong>Bal\u0131kesir &#8211; Erdek, Open Air Archeology Museum<\/strong>\n    <p>In the open-air museum exhibiting archaeological objects from the ancient city of Kyzikos (Belk\u0131s), believed to date back to the 7th century B.C., sensitive surface cleaning of archaeological objects was carried out by our company.<\/p>\n  <\/div>\n\n  <div class=\"restoration-box\">\n    <strong>\u0130stanbul, Armenian Mahrukyan School Restoration<\/strong>\n    <p>As part of the restoration of the Armenian Mahrukyan School in Be\u015fikta\u015f, cleaning and repair works of stone and brick surfaces were carried out by our company.<\/p>\n  <\/div>\n\n  <div class=\"restoration-box\">\n    <strong>Hatay \u2013 Payas, Sokullu Mehmet Pa\u015fa Menzil Complex<\/strong>\n    <p>For the Sokullu Mehmet Pa\u015fa Menzil Complex (a Mimar Sinan work built between 1574-1575), IBIX Micro Sandblasting Systems were used for cleaning natural stone and plastered surfaces. Our company provided consultancy services.<\/p>\n  <\/div>\n\n  <div class=\"restoration-box\">\n    <strong>Kocaeli Clock Tower<\/strong>\n    <p>IBIX Micro Sandblasting Systems were used to clean graffiti from the marble and stone parts of the clock tower. The work was performed for the Kocaeli Metropolitan Municipality.<\/p>\n  <\/div>\n\n  <div class=\"restoration-box\">\n    <strong>\u0130stanbul, Abdullatif Suphi Pa\u015fa Mansion (\u0130stanbul University Medical Museum)<\/strong>\n    <p>Within the scope of restoration, IBIX Micro Sandblasting Systems were used for cleaning natural stone surfaces. The works were carried out by our company.<\/p>\n  <\/div>\n\n  <div class=\"restoration-box\">\n    <strong>\u0130stanbul, Edirnekap\u0131 Mihrimah Sultan Mosque Restoration<\/strong>\n    <p>Within the scope of restoration, IBIX Micro Sandblasting Systems were used to clean natural stone surfaces. Our company provided consultancy services.<\/p>\n  <\/div>\n\n  <div class=\"restoration-box\">\n    <strong>\u0130stanbul, Kuleli Military High School Restoration<\/strong>\n    <p>Within the scope of restoration, IBIX Micro Sandblasting Systems were used to clean natural stone surfaces. Our company provided consultancy services.<\/p>\n  <\/div>\n\n  <div class=\"restoration-box\">\n    <strong>\u0130stanbul, Aksaray Pertevniyal Valide Sultan Mosque Restoration<\/strong>\n    <p>Within the scope of restoration, IBIX Micro Sandblasting Systems were used to clean natural stone surfaces. Our company provided consultancy services.<\/p>\n  <\/div>\n\n  <div class=\"restoration-box\">\n    <strong>\u0130stanbul, Beyo\u011flu \u00c7ek\u00fcl Foundation Exterior Surface Restoration<\/strong>\n    <p>The exterior surface cleaning and surface protection of the historical building belonging to the \u00c7ek\u00fcl Foundation were carried out by our company.<\/p>\n  <\/div>\n\n  <div class=\"restoration-box\">\n    <strong>Istanbul Water Civilizations Museum<\/strong>\n    <p>Surface cleaning works of the historical halaskar system inside the museum were carried out by our company.<\/p>\n  <\/div>\n\n  <div class=\"restoration-box\">\n    <strong>Bak\u0131rk\u00f6y, Kont Allion Mansion Exterior Surface Restoration<\/strong>\n    <p>Metal surface cleaning, surface protection processes, and Baghdadi ceiling reinforcements of this historical building were completed by our company.<\/p>\n  <\/div>\n\n  <div class=\"restoration-box\">\n    <strong>\u0130stanbul, Nev\u015fehirli Damat \u0130brahim Pa\u015fa Madrasa<\/strong>\n    <p>Within the scope of restoration, IBIX Micro Sandblasting Systems were used for cleaning natural stone surfaces. The studies were carried out by our company.<\/p>\n  <\/div>\n\n  <div class=\"restoration-box\">\n    <strong>\u0130stanbul, Swedish Consulate General<\/strong>\n    <p>Exterior plaster, natural stone repair, surface cleaning, and surface protection processes of the historical building were performed by our company.<\/p>\n  <\/div>\n\n  <div class=\"restoration-box\">\n    <strong>\u0130stanbul, Kas\u0131mpa\u015fa Divanhane Building<\/strong>\n    <p>Metal surface cleaning, surface protection processes, and ceiling reinforcements of the historical building were carried out by our company.<\/p>\n  <\/div>\n\n  <div class=\"restoration-box\">\n    <strong>\u0130stanbul, Tarhan Han \/ Demsa Foreign Trade<\/strong>\n    <p>Exterior plaster, natural stone repair, surface cleaning, and surface protection processes of the historical building were carried out by our company.<\/p>\n  <\/div>\n\n  <div class=\"restoration-box\">\n    <strong>Some International References of the System<\/strong>\n    <p>\n      * Paris, Louvre Museum (XIII Century)<br>\n      * Paris, Eiffel Tower (XIX Century)<br>\n      * Rome, Trajan Imperial Forum Museum (I Century)<br>\n      * Italy, Padova S.Antonio Basilica (XIII Century)<br>\n      * Italy, Lugo di Ravenna Rossi Palace (XVII Century)<br>\n      * St. Petersburg, Peter&#8217;s Gate (XVII Century)<br>\n      * Italy, Foggia Lucera Cathedral (XVI Century)<br>\n      * Italy, Venice Molino Stucky (XIX Century)<br>\n      * Italy, Venice St. Giorgia Belfry (XIX Century)\n    <\/p>\n  <\/div>\n\n<\/div>\n","protected":false},"excerpt":{"rendered":"<p>Appl\u0131cat\u0131on References \u0131n Restorat\u0131on Industry \u0130stanbul, Italian Consulate General Cleaning of 17th-century sculptures. The paint and dirt layers on the<\/p>\n","protected":false},"author":4,"featured_media":0,"parent":31,"menu_order":0,"comment_status":"closed","ping_status":"closed","template":"","meta":{"footnotes":""},"class_list":["post-1607","page","type-page","status-publish","hentry"],"_links":{"self":[{"href":"https:\/\/www.letoon.com.tr\/eng\/wp-json\/wp\/v2\/pages\/1607","targetHints":{"allow":["GET"]}}],"collection":[{"href":"https:\/\/www.letoon.com.tr\/eng\/wp-json\/wp\/v2\/pages"}],"about":[{"href":"https:\/\/www.letoon.com.tr\/eng\/wp-json\/wp\/v2\/types\/page"}],"author":[{"embeddable":true,"href":"https:\/\/www.letoon.com.tr\/eng\/wp-json\/wp\/v2\/users\/4"}],"replies":[{"embeddable":true,"href":"https:\/\/www.letoon.com.tr\/eng\/wp-json\/wp\/v2\/comments?post=1607"}],"version-history":[{"count":0,"href":"https:\/\/www.letoon.com.tr\/eng\/wp-json\/wp\/v2\/pages\/1607\/revisions"}],"up":[{"embeddable":true,"href":"https:\/\/www.letoon.com.tr\/eng\/wp-json\/wp\/v2\/pages\/31"}],"wp:attachment":[{"href":"https:\/\/www.letoon.com.tr\/eng\/wp-json\/wp\/v2\/media?parent=1607"}],"curies":[{"name":"wp","href":"https:\/\/api.w.org\/{rel}","templated":true}]}}