{"id":127,"date":"2009-02-17T10:06:30","date_gmt":"2009-02-17T18:06:30","guid":{"rendered":"http:\/\/www.letoon.com.tr\/?page_id=127"},"modified":"2025-12-26T10:52:11","modified_gmt":"2025-12-26T07:52:11","slug":"application-areas","status":"publish","type":"page","link":"https:\/\/www.letoon.com.tr\/eng\/ibix\/application-areas\/","title":{"rendered":"Application Areas"},"content":{"rendered":"\n<style>\n  \/* --- GENEL AYARLAR --- *\/\n  .letoon-app-wrapper {\n    font-family: 'Segoe UI', 'Helvetica Neue', Arial, sans-serif;\n    max-width: 1200px;\n    margin: 40px auto;\n    padding: 0 20px;\n    background: #fdfdfd;\n  }\n\n  .letoon-section-title {\n    text-align: center;\n    color: #15296B; \/* Lacivert *\/\n    margin-bottom: 40px;\n    font-size: 2rem;\n    font-weight: 700;\n    position: relative;\n    display: inline-block;\n    left: 50%;\n    transform: translateX(-50%);\n  }\n  \n  .letoon-section-title::after {\n    content: '';\n    display: block;\n    width: 60px;\n    height: 4px;\n    background: #cf2332; \/* K\u0131rm\u0131z\u0131 *\/\n    margin: 10px auto 0;\n    border-radius: 2px;\n  }\n\n  \/* --- KART YAPISI --- *\/\n  .letoon-acc-card {\n    background: #fff;\n    border-radius: 12px;\n    margin-bottom: 20px;\n    box-shadow: 0 5px 15px rgba(0,0,0,0.05);\n    overflow: hidden;\n    transition: transform 0.3s ease, box-shadow 0.3s ease;\n    border-top: 5px solid #cf2332; \n  }\n\n  .letoon-acc-card:hover {\n    transform: translateY(-3px);\n    box-shadow: 0 10px 25px rgba(0,0,0,0.1);\n  }\n\n  \/* --- BA\u015eLIK --- *\/\n  .letoon-acc-header {\n    padding: 20px 30px;\n    cursor: pointer;\n    display: flex;\n    justify-content: space-between;\n    align-items: center;\n    background: #fff;\n    user-select: none;\n  }\n\n  .letoon-acc-title {\n    font-size: 1.25rem;\n    font-weight: 700;\n    color: #15296B;\n    display: flex;\n    align-items: center;\n    gap: 15px;\n  }\n\n  .letoon-acc-icon {\n    font-size: 1.2rem;\n    color: #cf2332;\n    transition: transform 0.4s ease;\n    width: 30px;\n    height: 30px;\n    background: rgba(207, 35, 50, 0.1);\n    border-radius: 50%;\n    display: flex;\n    align-items: center;\n    justify-content: center;\n  }\n\n  \/* --- \u0130\u00c7ER\u0130K --- *\/\n  .letoon-acc-body {\n    max-height: 0;\n    overflow: hidden;\n    transition: max-height 0.5s cubic-bezier(0.4, 0, 0.2, 1);\n    background: #f9f9fa;\n  }\n\n  .letoon-links-grid {\n    display: grid;\n    grid-template-columns: repeat(auto-fill, minmax(300px, 1fr)); \/* \u0130ngilizce metinler uzun oldu\u011fu i\u00e7in geni\u015fli\u011fi biraz art\u0131rd\u0131m *\/\n    gap: 15px;\n    padding: 25px 30px;\n    border-top: 1px solid #eee;\n  }\n\n  \/* --- L\u0130NKLER --- *\/\n  .letoon-link-item {\n    text-decoration: none;\n    color: #444;\n    background: #fff;\n    padding: 12px 15px;\n    border-radius: 8px;\n    border-left: 4px solid #1a237e;\n    font-size: 0.95rem;\n    font-weight: 600;\n    box-shadow: 0 2px 5px rgba(0,0,0,0.03);\n    transition: all 0.3s ease;\n    display: flex;\n    align-items: center;\n    line-height: 1.4;\n  }\n\n  .letoon-link-item:hover {\n    background: #1a237e;\n    color: #fff;\n    transform: translateX(5px);\n    box-shadow: 0 5px 10px rgba(26, 35, 126, 0.2);\n  }\n\n  \/* A\u00e7\u0131k durum *\/\n  .letoon-acc-card.active .letoon-acc-icon {\n    transform: rotate(180deg);\n    background: #cf2332;\n    color: #fff;\n  }\n<\/style>\n\n<div class=\"letoon-app-wrapper\">\n  \n  <h2 class=\"letoon-section-title\">Application Areas<\/h2>\n\n  <!-- 1. Restoration -->\n  <div class=\"letoon-acc-card\" onclick=\"toggleLetoonAcc(this)\">\n    <div class=\"letoon-acc-header\">\n      <div class=\"letoon-acc-title\">Restoration<\/div>\n      <div class=\"letoon-acc-icon\">&#9660;<\/div>\n    <\/div>\n    <div class=\"letoon-acc-body\">\n      <div class=\"letoon-links-grid\">\n        <a href=\"https:\/\/www.letoon.com.tr\/eng\/natural-stone-surface-cleaning-with-ibix-micro-sand-blasting-systems\/\" class=\"letoon-link-item\">Natural Stone, Marble and Limestone Cleaning<\/a>\n        <a href=\"https:\/\/www.letoon.com.tr\/eng\/brick-and-terracota-cleaning\/\" class=\"letoon-link-item\">Brick and Terracotta Cleaning<\/a>\n        <a href=\"https:\/\/www.letoon.com.tr\/eng\/atmospheric-pollution-residual-cleaning\/\" class=\"letoon-link-item\">Atmospheric Pollution Residual Cleaning<\/a>\n        <a href=\"https:\/\/www.letoon.com.tr\/eng\/cleaning-of-carbonated-dirt-layers\/\" class=\"letoon-link-item\">Cleaning of Carbonated Dirt Layers<\/a>\n        <a href=\"https:\/\/www.letoon.com.tr\/eng\/cleaning-of-bronze-statues\/\" class=\"letoon-link-item\">Cleaning of Bronze Statues<\/a>\n        <a href=\"https:\/\/www.letoon.com.tr\/eng\/wood-surface-cleaning-repair-and-protection\/\" class=\"letoon-link-item\">Wood Surface Cleaning, Repair and Protection<\/a>\n        <a href=\"https:\/\/www.letoon.com.tr\/eng\/algae-lichen-and-moss-cleaning\/\" class=\"letoon-link-item\">Algae, Lichen and Moss Cleaning<\/a>\n        <a href=\"https:\/\/www.letoon.com.tr\/eng\/painted-surface-cleaning\/\" class=\"letoon-link-item\">Painted Surface Cleaning<\/a>\n      <\/div>\n    <\/div>\n  <\/div>\n\n  <!-- 2. Construction -->\n  <div class=\"letoon-acc-card\" onclick=\"toggleLetoonAcc(this)\">\n    <div class=\"letoon-acc-header\">\n      <div class=\"letoon-acc-title\">Construction<\/div>\n      <div class=\"letoon-acc-icon\">&#9660;<\/div>\n    <\/div>\n    <div class=\"letoon-acc-body\">\n      <div class=\"letoon-links-grid\">\n        <a href=\"https:\/\/www.letoon.com.tr\/eng\/brick-and-terracota-cleaning\/\" class=\"letoon-link-item\">Brick and Terracotta Cleaning<\/a>\n        <a href=\"https:\/\/www.letoon.com.tr\/eng\/marble-and-granite-cleaning\/\" class=\"letoon-link-item\">Marble and Granite Cleaning<\/a>\n        <a href=\"https:\/\/www.letoon.com.tr\/eng\/exterior-surface-cleaning\/\" class=\"letoon-link-item\">Exterior Surface Cleaning<\/a>\n        <a href=\"https:\/\/www.letoon.com.tr\/eng\/graffiti-cleaning-and-anti-graffiti-protection\/\" class=\"letoon-link-item\">Graffiti Cleaning and Anti-Graffiti Protection<\/a>\n        <a href=\"https:\/\/www.letoon.com.tr\/eng\/exhaust-gases-soot-and-pollution-cleaning\/\" class=\"letoon-link-item\">Exhaust Gases, Soot and Pollution Cleaning<\/a>\n        <a href=\"https:\/\/www.letoon.com.tr\/eng\/metal-surface-cleaning\/\" class=\"letoon-link-item\">Metal Surface Cleaning<\/a>\n        <a href=\"https:\/\/www.letoon.com.tr\/eng\/2014\/09\/16\/concrete-fair-faced-concrete-surface-cleaning\/\" class=\"letoon-link-item\">Concrete &#038; Fair-Faced Concrete Cleaning<\/a>\n        <a href=\"http:\/\/www.letoon.com.tr\/siva-ve-cimento-artiklarinin-temizligi\/\" class=\"letoon-link-item\">Mortar and Cement Residual Cleaning<\/a>\n        <a href=\"https:\/\/www.letoon.com.tr\/eng\/2014\/09\/16\/rust-cleaning\/\" class=\"letoon-link-item\">Rust Cleaning<\/a>\n        <a href=\"https:\/\/www.letoon.com.tr\/eng\/2014\/09\/16\/wood-aging\/\" class=\"letoon-link-item\">Wood Aging<\/a>\n        <a href=\"https:\/\/www.letoon.com.tr\/eng\/2014\/09\/16\/artworks\/\" class=\"letoon-link-item\">Artworks<\/a>\n        <a href=\"https:\/\/www.letoon.com.tr\/eng\/2014\/10\/13\/post-fire-cleaning\/\" class=\"letoon-link-item\">Post-fire Surface Cleaning<\/a>\n      <\/div>\n    <\/div>\n  <\/div>\n\n  <!-- 3. Industry Sector -->\n  <div class=\"letoon-acc-card\" onclick=\"toggleLetoonAcc(this)\">\n    <div class=\"letoon-acc-header\">\n      <div class=\"letoon-acc-title\">Industry Sector<\/div>\n      <div class=\"letoon-acc-icon\">&#9660;<\/div>\n    <\/div>\n    <div class=\"letoon-acc-body\">\n      <div class=\"letoon-links-grid\">\n        <a href=\"https:\/\/www.letoon.com.tr\/eng\/2014\/09\/16\/industrial-maintenance-works\/\" class=\"letoon-link-item\">Industrial Maintenance Works<\/a>\n        <a href=\"https:\/\/www.letoon.com.tr\/eng\/2014\/09\/16\/metal-surface-preparation\/\" class=\"letoon-link-item\">Metal Surface Preparation<\/a>\n        <a href=\"https:\/\/www.letoon.com.tr\/eng\/2014\/09\/16\/chemical-and-gas-facilities-and-rafineries\/\" class=\"letoon-link-item\">Chemical\/Gas Facilities and Refineries<\/a>\n        <a href=\"https:\/\/www.letoon.com.tr\/eng\/2014\/09\/16\/food-industry\/\" class=\"letoon-link-item\">Food Industry<\/a>\n        <a href=\"https:\/\/www.letoon.com.tr\/eng\/2014\/09\/16\/plastic-mould-cleaning\/\" class=\"letoon-link-item\">Plastic and Injection Mould Cleaning<\/a>\n        <a href=\"https:\/\/www.letoon.com.tr\/eng\/2014\/09\/16\/vehicle-maintenance-and-modification\/\" class=\"letoon-link-item\">Vehicle Maintenance and Modification<\/a>\n        <a href=\"https:\/\/www.letoon.com.tr\/eng\/2014\/09\/16\/ship-construction-and-maintenance\/\" class=\"letoon-link-item\">Ship Construction and Maintenance<\/a>\n      <\/div>\n    <\/div>\n  <\/div>\n\n  <!-- 4. Yacht and Ship Sector -->\n  <div class=\"letoon-acc-card\" onclick=\"toggleLetoonAcc(this)\">\n    <div class=\"letoon-acc-header\">\n      <div class=\"letoon-acc-title\">Yacht and Ship Sector<\/div>\n      <div class=\"letoon-acc-icon\">&#9660;<\/div>\n    <\/div>\n    <div class=\"letoon-acc-body\">\n      <div class=\"letoon-links-grid\">\n        <a href=\"https:\/\/www.letoon.com.tr\/eng\/2014\/09\/16\/surface-cleaning-of-wood-yatches\/\" class=\"letoon-link-item\">Surface Cleaning of Wood Yachts<\/a>\n        <a href=\"https:\/\/www.letoon.com.tr\/eng\/fiber-surface-cleaning\/\" class=\"letoon-link-item\">Fiber Surface Cleaning<\/a>\n        <a href=\"http:\/\/www.letoon.com.tr\/kaucuk-yuzey-temizligi\/\" class=\"letoon-link-item\">Rubber Surface Cleaning<\/a>\n        <a href=\"https:\/\/www.letoon.com.tr\/eng\/stainless-steel-surface-cleaning\/\" class=\"letoon-link-item\">Stainless Steel Surface Cleaning<\/a>\n        <a href=\"http:\/\/www.letoon.com.tr\/deniz-kabuklularinin-temizligi\/\" class=\"letoon-link-item\">Removal of Barnacles &#038; Sea Shells<\/a>\n        <a href=\"https:\/\/www.letoon.com.tr\/eng\/rust-and-corrosion-cleaning\/\" class=\"letoon-link-item\">Rust and Corrosion Cleaning<\/a>\n      <\/div>\n    <\/div>\n  <\/div>\n\n<\/div>\n\n<script>\nfunction toggleLetoonAcc(card) {\n  card.classList.toggle(\"active\");\n  var body = card.querySelector(\".letoon-acc-body\");\n  if (body.style.maxHeight) {\n    body.style.maxHeight = null;\n  } else {\n    body.style.maxHeight = body.scrollHeight + \"px\";\n  }\n}\n<\/script>\n","protected":false},"excerpt":{"rendered":"<p>Application Areas Restoration &#9660; Natural Stone, Marble and Limestone Cleaning Brick and Terracotta Cleaning Atmospheric Pollution Residual Cleaning Cleaning of<\/p>\n","protected":false},"author":4,"featured_media":0,"parent":31,"menu_order":5,"comment_status":"closed","ping_status":"closed","template":"","meta":{"footnotes":""},"class_list":["post-127","page","type-page","status-publish","hentry"],"_links":{"self":[{"href":"https:\/\/www.letoon.com.tr\/eng\/wp-json\/wp\/v2\/pages\/127","targetHints":{"allow":["GET"]}}],"collection":[{"href":"https:\/\/www.letoon.com.tr\/eng\/wp-json\/wp\/v2\/pages"}],"about":[{"href":"https:\/\/www.letoon.com.tr\/eng\/wp-json\/wp\/v2\/types\/page"}],"author":[{"embeddable":true,"href":"https:\/\/www.letoon.com.tr\/eng\/wp-json\/wp\/v2\/users\/4"}],"replies":[{"embeddable":true,"href":"https:\/\/www.letoon.com.tr\/eng\/wp-json\/wp\/v2\/comments?post=127"}],"version-history":[{"count":0,"href":"https:\/\/www.letoon.com.tr\/eng\/wp-json\/wp\/v2\/pages\/127\/revisions"}],"up":[{"embeddable":true,"href":"https:\/\/www.letoon.com.tr\/eng\/wp-json\/wp\/v2\/pages\/31"}],"wp:attachment":[{"href":"https:\/\/www.letoon.com.tr\/eng\/wp-json\/wp\/v2\/media?parent=127"}],"curies":[{"name":"wp","href":"https:\/\/api.w.org\/{rel}","templated":true}]}}